{"id":10,"date":"2007-02-21T15:54:59","date_gmt":"2007-02-21T14:54:59","guid":{"rendered":"http:\/\/norbi\/wordpress\/?page_id=10"},"modified":"2019-08-30T14:28:50","modified_gmt":"2019-08-30T13:28:50","slug":"eng","status":"publish","type":"page","link":"http:\/\/www.szavaijanos.hu\/?page_id=10","title":{"rendered":"En"},"content":{"rendered":"<p>&nbsp;<\/p>\n<p><a title=\"szavai_janos1.jpg\" href=\"http:\/\/www.szavaijanos.hu\/wp-content\/uploads\/2007\/03\/szavai_janos1.jpg\"><img decoding=\"async\" src=\"http:\/\/www.szavaijanos.hu\/wp-content\/uploads\/2007\/03\/szavai_janos1.nezokep.jpg\" alt=\"szavai_janos1.jpg\" \/><\/a><\/p>\n<p>J\u00e1nos SZ\u00c1VAI Professor of Comparative Literature<\/p>\n<p><a title=\"biogr\u00e1fia\" href=\"http:\/\/www.szavaijanos.hu\/wp-content\/uploads\/2007\/03\/info-adatok-sz-1vai-j-1.rtf\">biogr\u00e1fia<\/a><\/p>\n<p><a title=\"One Day - June 16, 1989 or those exceptional moments\" href=\"http:\/\/www.szavaijanos.hu\/wp-content\/uploads\/2010\/10\/one-day-rev.doc\">One Day &#8211; June 16, 1989 or those exceptional moments<\/a><\/p>\n<p>Publications in English:<\/p>\n<p><a title=\"poto0209.JPG\" href=\"http:\/\/www.szavaijanos.hu\/wp-content\/uploads\/2007\/04\/poto0209.JPG\"><img decoding=\"async\" src=\"http:\/\/www.szavaijanos.hu\/wp-content\/uploads\/2007\/04\/poto0209.nezokep.JPG\" alt=\"poto0209.JPG\" \/><\/a>The Autobiography (Akad\u00e9miai Kiad\u00f3, 1984)<\/p>\n<p>Toward a Theory of the short story (Acta Literaria)<\/p>\n<p><a title=\"One Day\">\u00a0<\/a><\/p>\n<p>1\/ <a title=\"One Day - June 16, 1989 or those exceptional moments\" href=\"http:\/\/www.szavaijanos.hu\/wp-content\/uploads\/2010\/10\/one-day-rev.doc\">One Day &#8211; June 16, 1989 or those exceptional moment (Hungarian Review, 2010\/1)<\/a><\/p>\n<p><a title=\"Illy\u00e9s versus \u00c9luard\" href=\"http:\/\/www.szavaijanos.hu\/wp-content\/uploads\/2011\/12\/illyes-eluard-english.doc\">2\/ Illy\u00e9s versus \u00c9luard (Hungarian Review 2011\/1)<\/a><\/p>\n<p><a href=\"http:\/\/www.szavaijanos.hu\/wp-content\/uploads\/2007\/02\/Bart\u00f3kanyj\u00e1val1.jpg\"><img loading=\"lazy\" decoding=\"async\" class=\"alignleft size-thumbnail wp-image-1058\" title=\"Bart\u00f3k with his mother\" src=\"http:\/\/www.szavaijanos.hu\/wp-content\/uploads\/2007\/02\/Bart\u00f3kanyj\u00e1val1-138x150.jpg\" alt=\"\" width=\"138\" height=\"150\" \/><\/a><\/p>\n<p><a title=\"Illy\u00e9s versus \u00c9luard\" href=\"http:\/\/www.szavaijanos.hu\/wp-content\/uploads\/2011\/12\/illyes-eluard-english.doc\">3\/\u00a0\u00a0 <\/a><a href=\"http:\/\/www.szavaijanos.hu\/wp-content\/uploads\/2007\/02\/ILLY\u00c9S-BART\u00d3K-ELVIS-ENG.doc\">ILLY\u00c9S-BART\u00d3K-ELVIS (Hungarian Review 2012 November)<\/a><a title=\"Illy\u00e9s versus \u00c9luard\" href=\"http:\/\/www.szavaijanos.hu\/wp-content\/uploads\/2011\/12\/illyes-eluard-english.doc\"><br \/>\n<\/a><\/p>\n<p>&nbsp;<\/p>\n<p>&nbsp;<\/p>\n<p>&nbsp;<\/p>\n<p>&nbsp;<\/p>\n<p>4\/<a href=\"http:\/\/www.szavaijanos.hu\/wp-content\/uploads\/2019\/08\/Novel-and-dream.docx\">Dreams and Novel<\/a>\u00a0(PPKE Conference on the Novel, may 2018)<\/p>\n","protected":false},"excerpt":{"rendered":"<p>&nbsp; J\u00e1nos SZ\u00c1VAI Professor of Comparative Literature biogr\u00e1fia One Day &#8211; June 16, 1989 or those exceptional moments Publications in English: The Autobiography (Akad\u00e9miai Kiad\u00f3, 1984) Toward a Theory of the short story (Acta Literaria) \u00a0 1\/ One Day &#8211; June 16, 1989 or those exceptional moment (Hungarian Review, 2010\/1) 2\/ Illy\u00e9s versus \u00c9luard (Hungarian [&hellip;]<\/p>\n","protected":false},"author":1,"featured_media":0,"parent":0,"menu_order":7,"comment_status":"closed","ping_status":"closed","template":"","meta":{"footnotes":""},"class_list":["post-10","page","type-page","status-publish","hentry"],"_links":{"self":[{"href":"http:\/\/www.szavaijanos.hu\/index.php?rest_route=\/wp\/v2\/pages\/10","targetHints":{"allow":["GET"]}}],"collection":[{"href":"http:\/\/www.szavaijanos.hu\/index.php?rest_route=\/wp\/v2\/pages"}],"about":[{"href":"http:\/\/www.szavaijanos.hu\/index.php?rest_route=\/wp\/v2\/types\/page"}],"author":[{"embeddable":true,"href":"http:\/\/www.szavaijanos.hu\/index.php?rest_route=\/wp\/v2\/users\/1"}],"replies":[{"embeddable":true,"href":"http:\/\/www.szavaijanos.hu\/index.php?rest_route=%2Fwp%2Fv2%2Fcomments&post=10"}],"version-history":[{"count":7,"href":"http:\/\/www.szavaijanos.hu\/index.php?rest_route=\/wp\/v2\/pages\/10\/revisions"}],"predecessor-version":[{"id":2262,"href":"http:\/\/www.szavaijanos.hu\/index.php?rest_route=\/wp\/v2\/pages\/10\/revisions\/2262"}],"wp:attachment":[{"href":"http:\/\/www.szavaijanos.hu\/index.php?rest_route=%2Fwp%2Fv2%2Fmedia&parent=10"}],"curies":[{"name":"wp","href":"https:\/\/api.w.org\/{rel}","templated":true}]}}